{"id":856,"date":"2019-02-13T11:58:44","date_gmt":"2019-02-13T09:58:44","guid":{"rendered":"http:\/\/localhost:81\/sgebs\/cookies\/"},"modified":"2025-11-24T17:20:58","modified_gmt":"2025-11-24T14:20:58","slug":"cookies","status":"publish","type":"page","link":"https:\/\/globalsolutioncentre.societegenerale.ro\/en\/cookies\/","title":{"rendered":"Cookies"},"content":{"rendered":"<p style=\"font-family: 'Source Sans Pro', sans-serif; font-size: 35px; font-weight: bold; color: #000;\">Cookie Policy<\/p>\n<p><strong>GENERAL INFORMATION<\/strong><\/p>\n<p>&nbsp;<\/p>\n<p><strong>Ce sunt cookie-urile?<\/strong><\/p>\n<p>Cookie-urile sunt fi\u0219iere care se salveaz\u0103 pe calculatorul t\u0103u atunci c\u00e2nd vizitezi un website. Po\u021bi permite sau nu utilizarea de cookie-uri, din bara de administrare a acestora (pop-up ul dedicat colectarii consimtamantului pentru cookies) sau din linkul disponibil \u00een footer, la Set\u0103ri cookie-uri.<\/p>\n<p>Fisiere de tip Cookies vor fi plasate \u00een mod obi\u0219nuit pe computerul dumneavoastr\u0103 sau pe dispozitivul conectat la internet ori de c\u00e2te ori ne vizita\u021bi online. Acest lucru permite site-ului s\u0103-\u0219i aminteasc\u0103 computerul sau dispozitivul dumneavoastr\u0103.<\/p>\n<p>Pe site-ul nostru va ap\u0103rea o notificare care solicit\u0103 consim\u021b\u0103m\u00e2ntul dumneavoastr\u0103 pentru colectare cookies. Dac\u0103 nu v\u0103 da\u021bi consim\u021b\u0103m\u00e2ntul, computerul sau dispozitivul conectat la internet folosit de dumneavoastr\u0103 nu va fi urm\u0103rit pentru activit\u0103\u021bi legate de marketing. Un tip secundar de cookie denumit cookies pe baz\u0103 de input de la utilizatori poate fi totu\u0219i solicitat de func\u021bionalitatea necesar\u0103. Astfel de cookies nu vor fi blocate prin utilizarea acestei notific\u0103ri. Selec\u021bia dumneavoastr\u0103 va fi salvat\u0103 \u00eentr-un modul cookie \u0219i va fi valabil\u0103 pentru o perioad\u0103 de 90 de zile. Dac\u0103 dori\u021bi s\u0103 anula\u021bi selec\u021bia, pute\u021bi face acest lucru prin \u0219tergere cookies ale browserului dvs.<\/p>\n<p>De\u0219i majoritatea browserelor accept\u0103 automat cookies, pute\u021bi alege s\u0103 accepta\u021bi sau nu cookies prin intermediul set\u0103rilor browserului dumneavoastr\u0103 (adesea prezente \u00een meniul Instrumente sau Preferin\u021be al browserului dumneavoastr\u0103). De asemenea, pute\u021bi \u0219terge cookies de pe dispozitivul dumneavoastr\u0103 \u00een orice moment. Cu toate acestea, v\u0103 rug\u0103m s\u0103 ave\u021bi \u00een vedere faptul c\u0103, dac\u0103 nu accepta\u021bi cookies, este posibil s\u0103 nu pute\u021bi experimenta pe deplin unele dintre func\u021biile site-urilor noastre web.<\/p>\n<p>Informa\u021bii suplimentare despre gestionarea modulelor\/ fisierelor de tip\u00a0 cookie pot fi g\u0103site \u00een fi\u0219ierul de ajutor al browserului dumneavoastr\u0103 sau pe site-uri precum\u00a0<a href=\"https:\/\/www.allaboutcookies.org\/\">www.allaboutcookies.org<\/a>.<\/p>\n<p><strong>Ce tipuri de cookie-uri sunt folosite?<\/strong><\/p>\n<p>In functie de perioada de retentie:<\/p>\n<p>\u00ab\u00a0Cookie-uri de sesiune\u00a0\u00bb\u00a0acestea sunt stocate temporar in dosarul de cookie-uri al browserului web pentru ca acesta sa le memoreze pana cand utilizatorul iese de pe website-ul respectiv sau inchide fereastra browserului<\/p>\n<p>\u00ab\u00a0 Cookie-uri persistente\u00a0\u00bb\u00a0 Acestea sunt stocate pe hard-drive-ul unui computer sau echipament (si in general depind de durata de viata prestabilita pentru cookie). Cookie-urile persistente le includ si pe cele plasate de un alt website decat cel pe care il viziteaza utilizatorul la momentul respectiv\u00a0 cunoscute sub numele de \u00ab\u00a0third party cookies (cookieuri plasate de terti)\u00a0\u00bb\u00a0 care pot fi folosite in mod anonim pentru a memora interesele utilizatorilor, astfel incat ulterior sa fie livrata publicitate cat mai relevanta pentru acestia.<\/p>\n<p>In functie de scopul plasarii si utilizarii lor\u00a0:<\/p>\n<p><strong>Cookie-uri necesare<\/strong><\/p>\n<p>Cookie-uri de analiza si profilare\u00a0 -Aceste cookie-uri ne permit s\u0103 analiz\u0103m modul de folosire a paginii web, put\u00e2nd astfel s\u0103 ne adapt\u0103m nevoilor utilizatorului prin \u00eembun\u0103t\u0103\u021birea permanent\u0103 a site-ului nostru. De asemenea, aceste cookie-uri ne permit s\u0103 num\u0103r\u0103m vizitele \u0219i sursele de trafic, pentru a m\u0103sura \u0219i a \u00eembun\u0103t\u0103\u021bi performan\u021ba site-ului. Ne ajut\u0103 s\u0103 \u0219tim ce pagini sunt mai populare sau mai pu\u021bin populare \u0219i s\u0103 vedem care este traseul dvs.\u00a0 pe site. Printre aceste fisiere se numara cele descrise mai jos si provenite de la Pixel Tracking, ele fiind utilizate doar in virtutea consimtamantului dvs.<\/p>\n<table border=\"1\">\n<tbody>\n<tr>\n<td style=\"padding: 10px;\"><strong>Scop<\/strong><\/td>\n<td style=\"padding: 10px;\"><strong>Descriere<\/strong><\/td>\n<\/tr>\n<tr>\n<td style=\"padding: 10px;\"><strong>Performanta<\/strong><\/td>\n<td style=\"padding: 10px;\">Site-ul nostru web este construit folosind platforme de internet comune. Acestea au cookies integrate care ajut\u0103 la problemele de compatibilitate (de ex., pentru a identifica tipul de browser) \u0219i \u00eembun\u0103t\u0103\u021besc performan\u021ba (de exemplu, \u00eenc\u0103rcarea mai rapid\u0103 a con\u021binutului).<\/td>\n<\/tr>\n<tr>\n<td style=\"padding: 10px;\"><strong>Preferintele Site-ului<\/strong><\/td>\n<td style=\"padding: 10px;\">Cookies pot, de asemenea, s\u0103-\u0219i aminteasc\u0103 preferin\u021bele site-ului dumneavoastr\u0103 (de exemplu, limba) sau s\u0103 \u00eencerce s\u0103 v\u0103 \u00eembun\u0103t\u0103\u021beasc\u0103 experien\u021ba (de exemplu, personaliz\u00e2nd un salut sau con\u021binut). Acest lucru se va aplica \u00een zonele \u00een care v-a\u021bi \u00eenregistrat \u00een mod special pentru acces sau pentru a crea un cont.<\/td>\n<\/tr>\n<tr>\n<td style=\"padding: 10px;\"><strong>Instrumente de analiz\u0103<\/strong><\/td>\n<td style=\"padding: 10px;\">Utiliz\u0103m mai multe instrumente de analiz\u0103 de la ter\u021be p\u0103r\u021bi pentru a ne ajuta s\u0103 \u00een\u021belegem modul \u00een care vizitatorii site-ului utilizeaz\u0103 site-ul nostru web. Acest lucru ne permite s\u0103 \u00eembun\u0103t\u0103\u021bim calitatea \u0219i con\u021binutul site-ului pentru vizitatorii no\u0219tri. Datele statistice agregate acoper\u0103 elemente precum vizitele totale sau vizion\u0103rile de pagini \u0219i referin\u021bele la site-ul nostru web.<\/td>\n<\/tr>\n<\/tbody>\n<\/table>\n<p><strong>PRIN NAVIGAREA PE SITE-UL NOSTRU WEB SUNTETI DE ACORD CA\u201a PUTEM PLASA FISIERE DE TIP COOKIES, PE COMPUTERUL DUMNEAVOASTRA\u201a SAU DISPOZITIVUL CONECTAT LA INTERNET, NECESARE FUNCTIONARII SITE-ULUI SG GSC. PENTRU ORICE ALT FISIER DE TIP COOKIE VA VOM SOLICITA CONSIMTAMANTUL, ACESTEA NEFIIND PLASATE IN LIPSA CONSIMTAMANTULUI DVS.<\/strong><\/p>\n<p>&nbsp;<\/p>\n<p><strong>DESCRIEREA GENERALA A TEHNOLOGIEI COOKIE UTILIZATA<\/strong><\/p>\n<p>Instrumente \u0219i widgeturi ter\u021be vor fi folosite din c\u00e2nd \u00een c\u00e2nd pe paginile noastre individuale pentru a furniza func\u021bionalit\u0103\u021bi suplimentare. Utilizarea acestor instrumente sau widgeturi vor plasa de obicei fisiere de tip cookies pe dispozitivul dumneavoastr\u0103 pentru a \u00eenlesni utilizarea serviciului \u0219i pentru a se asigura c\u0103 interac\u021biunea dumneavoastr\u0103 este afi\u0219at\u0103 corect pe paginile noastre web.<\/p>\n<p>Cookies prin ele \u00eensele nu ne indic\u0103 adresa dumneavoastr\u0103 de e-mail \u0219i nu v\u0103 identific\u0103 personal \u00een alt mod. Pin plasarea acestor fisiere si prin prelucrarea informatiilor generate de acestea SG GSC nu afla in niciun moment date cu privire la numele dvs., la adresa dvs. fizica, numarul dvs. de telefon, adresa dvs. de e-mail si asa mai departe. \u00cen rapoartele noastre analitice, vom ob\u021bine al\u021bi identificatori, inclusiv adresele IP, dar acest lucru are scopul de a identifica num\u0103rul de vizitatori unici pe site-ul nostru web \u0219i originea geografic\u0103 pentru a putea stabili tendin\u021bele si preferintele vizitatorilor \u0219i nu de a identifica vizitatorii individuali.<\/p>\n<p>&nbsp;<\/p>\n<p>In ceea ce priveste prelucrarea datelor cu caracter personal, precum si in ceea ce priveste asigurarea respecatrii drepturilor derivate din prelucrarea datelor cu caracter personal ce va apartin, SG GSC va aplica prevederile regasite in Politica privind prelucrarea datelor (Privacy Policy) pe care o puteti regasi prin accesarea link-ului urmator\u00a0\u00a0<a href=\"https:\/\/globalsolutioncentre.societegenerale.ro\/en\/politica-de-confidentialitate\/\">https:\/\/globalsolutioncentre.societegenerale.ro\/politica-de-confidentialitate<\/a>.<\/p>\n<p>&nbsp;<\/p>\n<p><strong>TIPOLIGII DE FISIERE COOKIE UTILIZATE<\/strong><\/p>\n<p><strong>PIXEL Tracking<\/strong><\/p>\n<p>SG GSC, in calitate de Operator al prezentului site de internet utilizeaza fisiere Pixel incluse in codul HTML al site-ului\u00a0<a href=\"https:\/\/globalsolutioncentre.societegenerale.ro\/en\/\">https:\/\/globalsolutioncentre.societegenerale.ro<\/a>. Astfel, codul HTML al acestor site-uri contine un link extern, activat doar ca urmare a prezentarii consimtamantului dvs., si care conduce la server-ul dedicat al fisierului Pixel. Astfel, daca dvs. va prezentati consimtamantul prin accesarea pop-up-ului dedicat colectarii consimtamantului fata de utilizarea acestor tehnologii de catre SG GSC, la momentul accesarii acestor pagini de internet ( consimtamantul se colecteaza separat pentru fiecare dintre aceste pagini), codul HTML al site-ului accesat va fi procesat de catre browser-ul dvs.,\u00a0 urmand ca mai departe browser-ul dvs. sa urmareasca link-ul plasat in codul HTML pentru deschiderea fisierului Pixel. Aceasta actiune se va comunica automat cu server-ul fisierului Pixel care va inregistra informatii despre prezenta dvs. online.<\/p>\n<p>Printre informatiile colectate de catre fisierul Pixel, in masura in care dvs. consimtiti la o astfel de prelucrare, se numara urmatoarele\u00a0:<\/p>\n<p>Sistemul de operare utilizat de dvs.\u00a0;<\/p>\n<p>Categoria de website utilizata de dvs., respectiv daca dvs. ati accesat pagina de internet a SG GSC prin intermediul unui device mobil sau desktop ;<\/p>\n<p>Categoria de browser utilizata (ex. Google Chrome, Mozilla Firefox, Internet Explorer etc);<\/p>\n<p>Rezolutia ecranului dvs.;<\/p>\n<p>Data, ora, minutul si secunda cand ati accesat pagina de internet a SG GSC precum si cat timp ati petrecut pe aceasta pagina ;<\/p>\n<p>Activitatile intreprinse de dvs. pe pagina de internet a SG GSC precum sub-paginile accesate, link-uri accesate si preluate din pagina de internet a SG GSC etc ;<\/p>\n<p>Adresa dvs. IP in vederea stabilirii orasului de unde dvs. ati accesat pagina noastra de internet precum si in vederea stabilirii furnizorului dvs. de servicii se internet ( Internet Service Provider)<\/p>\n<p>Aceasta tehnologie generic denumita Pixel tracking ne ajuta sa stabilim profilele celor care ne acceseaza pagina de internet in vederea afisarii acestora a continutului cel mai relevant in functie de preferintele lor stabilite prin prelucrarea informatiilor descrise mai sus.<\/p>\n<p><strong>Tehnologii de tip Web beacons<\/strong><\/p>\n<p>Un web beacon este un fi\u0219ier de imagine mic pe o pagin\u0103 web care poate fi folosit pentru a colecta anumite informa\u021bii de pe computerul dumneavoastr\u0103, precum adresa IP, intervalul de timp \u00een care a fost vizualizat con\u021binutul, tipul de browser \u0219i existen\u021ba cookies setate anterior de acela\u0219i server. SG GSC utilizeaz\u0103 web beacon exclusiv \u00een conformitate cu legile aplicabile. SG GSC sau furnizorii s\u0103i de servicii folosesc web beacons pentru a urm\u0103ri eficacitatea site-urilor web ale unor ter\u021be p\u0103r\u021bi care ne furnizeaz\u0103 servicii de recrutare sau de marketing sau pentru a aduna statistici consolidate despre vizitatori \u0219i pentru a gestiona cookies.<\/p>\n<p>Ave\u021bi op\u021biunea de a face ca unele web beacons s\u0103 fie inutilizabile prin respingerea cookies asociate. Fi\u0219ierul web beacon poate \u00eenregistra \u00een continuare o vizit\u0103 anonim\u0103 de la adresa dumneavoastr\u0103 IP, dar informa\u021biile legate de cookie nu vor fi \u00eenregistrate.<\/p>\n<p>\u00cen unele dintre buletinele noastre de \u0219tiri \u0219i alte comunic\u0103ri, vom monitoriza ac\u021biunile destinatarilor, precum ratele de deschidere a e-mailului prin intermediul leg\u0103turilor \u00eencorporate \u00een mesaje. Colect\u0103m aceste informa\u021bii pentru a evalua interesul utilizatorilor \u0219i pentru a \u00eembun\u0103t\u0103\u021bi experien\u021bele viitoare ale utilizatorilor.<\/p>\n<p><strong>Instrumente bazate pe loca\u021bie<\/strong><\/p>\n<p>SG GSC va colecta \u0219i va utiliza loca\u021bia geografic\u0103 a computerului sau a dispozitivului dumneavoastr\u0103 de pe care accesati siteul nostru (desktop\/ mobil). Aceste date despre loca\u021bie sunt colectate pentru a v\u0103 oferi informa\u021bii cu privire la serviciile despre care noi credem c\u0103 v-ar putea interesa \u00een func\u021bie de loca\u021bia dumneavoastr\u0103 geografic\u0103 \u0219i pentru a \u00eembun\u0103t\u0103\u021bi produsele \u0219i serviciile noastre bazate pe loca\u021bie.<\/p>\n<p><strong>Widgeturile \u0219i aplica\u021biile pentru re\u021belele sociale<\/strong><\/p>\n<p>Site-ul web SG GSC va include, de obicei, func\u021bionalit\u0103\u021bi pentru a permite partajarea prin intermediul unor aplica\u021bii re\u021belelor sociale ter\u021be, precum butonul Facebook Like \u0219i widget-ul Twitter. Aceste aplica\u021bii ale re\u021belelor sociale vor colecta \u0219i vor utiliza informa\u021bii referitoare la utilizarea site-ului SG GSC. Orice date cu caracter personal pe care le furniza\u021bi prin intermediul acestor aplica\u021bii ale re\u021belelor sociale vor fi adesea colectate \u0219i utilizate de al\u021bi membri ai acelei aplica\u021bii de re\u021bea social\u0103 \u0219i astfel de interac\u021biuni sunt guvernate de politicile de confiden\u021bialitate ale companiilor care furnizeaz\u0103 aplica\u021bia sau site-ul respectiv. Nu avem controlul sau responsabilitatea pentru aceste companii sau folosirea datelor dumneavoastr\u0103 de catre acestea.<\/p>\n<p><strong>Op\u021biuni<\/strong><\/p>\n<p>A\u0219a cum este descris \u00een prezenta\u00a0 Politica cu privire\u00a0 la fisierele tip\u00a0 Cookies,\u00a0 dac\u0103 nu mai doriti prezenta acestora in browserul prin care accesati pagina de internet a SG GSC, in ceea ce priveste fisierele tip cookie utilizate in scop de profilare a userului\/ promovare a SG GSC (advertising cookies)\/ monitorizare a traficului realizat, pute\u021bi s\u0103 reseta\u021bi browserul dvs. pentru a ca toate fisierele tip cookies cu care fie ati consimtit, fie care au fost plasate in scopul functionarii site-ului SG GSC, sa fie sterse definitiv. In acest caz, daca veti accesa din nou pagina noastra de internet, consimtamantul dvs. va fi solicitat din nou.<\/p>\n<p>In ceea ce priveste fisierele tip cookies necesare functionarii site-ului de internet al SG GSC sunt plasate fara a va solicita consimtamantul, in temeiul interesului legitim al SG GSC, iar daca dvs. veti alege sa renuntati si la acestea prin accesarea functionalitatilor cookies si modificarea optiunilor sau prin stergerea din browser-ul dvs. a tuturor fisierelor tip cookies, trebuie s\u0103 retineti ca anumite portiuni ale site-ului nostru web s-ar putea s\u0103 nu opereze la parametri normali in lipsa acestor fisiere.<\/p>\n<p><strong>Stergerea fisierelor cookies din browser<\/strong><\/p>\n<p>Pentru stergerea tuturor fisierelor tip cookies instalate pe browser-ul dvs. trebuie sa accesati sectiunea History din browser-ul dvs. sau sa apasati simultan CTRL+H. Ulterior vi se va deschide o pagina dedicata istoricului dvs. de accesari unde veti gasi optiunea Clear browsing history pe care va trebui sa o accesati si sa consimtiti cu stergerea intregului dvs. istoric.<\/p>\n<p><strong>Link-uri c\u0103tre alte site-uri<\/strong><\/p>\n<p>Dorim s\u0103 v\u0103 inform\u0103m c\u0103 site-ul web SG GSC va con\u021bine de obicei linkuri c\u0103tre alte site-uri, inclusiv site-uri \u00eentre\u021binute de alte firme membre Societe Generale care nu sunt guvernate de aceast\u0103 Politic\u0103, ci de alte declara\u021bii de confiden\u021bialitate care ar putea fi diferite. Recomand\u0103m utilizatorilor s\u0103 analizeze politica de confiden\u021bialitate a fiec\u0103rui site web vizitat \u00eenainte de a dezv\u0103lui date personale.<\/p>\n<p>Toate activit\u0103\u021bile de prelucrare men\u021bionate \u00een aceast\u0103 sec\u021biune sunt \u00eencheiate, dup\u0103 caz, pe baza unuia sau mai multora dintre urm\u0103toarele temeiuri juridice: (i) consim\u021b\u0103m\u00e2ntul dumneavoastr\u0103, (ii) \u00eencheierea sau executarea contractului, (iii) obliga\u021bia legal\u0103, (iv) interesul nostru legitim, (v) prelucrarea este necesar\u0103 pentru stabilirea, exercitarea sau ap\u0103rarea unui drept \u00een instan\u021b\u0103. \u00cenregistr\u00e2ndu-v\u0103 pe site-ul web al SG GSC \u0219i apoi navig\u00e2nd la un alt site web din cadrul SG GSC \u00een timp ce sunte\u021bi conecta\u021bi, sunte\u021bi de acord cu utilizarea datelor dumneavoastr\u0103 cu caracter personal \u00een conformitate cu prezenta Politica precum si in conformitate cu <a href=\"https:\/\/globalsolutioncentre.societegenerale.ro\/en\/politica-de-confidentialitate\/\">Polictica privind prelucrarea datelor<\/a>.<\/p>\n","protected":false},"excerpt":{"rendered":"<p>Cookie Policy GENERAL INFORMATION &nbsp; Ce sunt cookie-urile? Cookie-urile sunt fi\u0219iere care se salveaz\u0103 pe calculatorul t\u0103u atunci c\u00e2nd vizitezi un website. Po\u021bi permite sau nu utilizarea de cookie-uri, din bara de administrare a acestora (pop-up ul dedicat colectarii consimtamantului pentru cookies) sau din linkul disponibil \u00een footer, la Set\u0103ri cookie-uri. Fisiere de tip Cookies [&hellip;]<\/p>\n","protected":false},"author":1,"featured_media":0,"parent":0,"menu_order":3,"comment_status":"closed","ping_status":"closed","template":"","meta":{"footnotes":""},"class_list":["post-856","page","type-page","status-publish","hentry"],"yoast_head":"<!-- This site is optimized with the Yoast SEO plugin v27.0 - https:\/\/yoast.com\/product\/yoast-seo-wordpress\/ -->\n<title>Cookies - Societe Generale Global Solution Centre<\/title>\n<meta name=\"robots\" content=\"index, follow, max-snippet:-1, max-image-preview:large, max-video-preview:-1\" \/>\n<link rel=\"canonical\" href=\"https:\/\/globalsolutioncentre.societegenerale.ro\/en\/cookies\/\" \/>\n<meta property=\"og:locale\" content=\"en_US\" \/>\n<meta property=\"og:type\" content=\"article\" \/>\n<meta property=\"og:title\" content=\"Hello! We are Societe Generale Global Solution Centre\" \/>\n<meta property=\"og:description\" content=\"Societe Generale is one of the largest European financial banking groups. Based on a diversified universal banking model, the group combines financial soundness with a sustainable growth strategy.\" \/>\n<meta property=\"og:url\" content=\"https:\/\/globalsolutioncentre.societegenerale.ro\/en\/cookies\/\" \/>\n<meta property=\"og:site_name\" content=\"Societe Generale Global Solution Centre\" \/>\n<meta property=\"article:modified_time\" content=\"2025-11-24T14:20:58+00:00\" \/>\n<meta property=\"og:image\" content=\"https:\/\/globalsolutioncentre.societegenerale.ro\/wp-content\/uploads\/2019\/09\/facebook-share-photo.jpg\" \/>\n\t<meta property=\"og:image:width\" content=\"1200\" \/>\n\t<meta property=\"og:image:height\" content=\"628\" \/>\n\t<meta property=\"og:image:type\" content=\"image\/jpeg\" \/>\n<meta name=\"twitter:card\" content=\"summary_large_image\" \/>\n<meta name=\"twitter:label1\" content=\"Est. reading time\" \/>\n\t<meta name=\"twitter:data1\" content=\"12 minutes\" \/>\n<script type=\"application\/ld+json\" class=\"yoast-schema-graph\">{\"@context\":\"https:\/\/schema.org\",\"@graph\":[{\"@type\":\"WebPage\",\"@id\":\"https:\/\/globalsolutioncentre.societegenerale.ro\/en\/cookies\/\",\"url\":\"https:\/\/globalsolutioncentre.societegenerale.ro\/en\/cookies\/\",\"name\":\"Cookies - Societe Generale Global Solution Centre\",\"isPartOf\":{\"@id\":\"https:\/\/globalsolutioncentre.societegenerale.ro\/en\/#website\"},\"datePublished\":\"2019-02-13T09:58:44+00:00\",\"dateModified\":\"2025-11-24T14:20:58+00:00\",\"breadcrumb\":{\"@id\":\"https:\/\/globalsolutioncentre.societegenerale.ro\/en\/cookies\/#breadcrumb\"},\"inLanguage\":\"en-US\",\"potentialAction\":[{\"@type\":\"ReadAction\",\"target\":[\"https:\/\/globalsolutioncentre.societegenerale.ro\/en\/cookies\/\"]}]},{\"@type\":\"BreadcrumbList\",\"@id\":\"https:\/\/globalsolutioncentre.societegenerale.ro\/en\/cookies\/#breadcrumb\",\"itemListElement\":[{\"@type\":\"ListItem\",\"position\":1,\"name\":\"Home\",\"item\":\"https:\/\/globalsolutioncentre.societegenerale.ro\/en\/\"},{\"@type\":\"ListItem\",\"position\":2,\"name\":\"Cookies\"}]},{\"@type\":\"WebSite\",\"@id\":\"https:\/\/globalsolutioncentre.societegenerale.ro\/en\/#website\",\"url\":\"https:\/\/globalsolutioncentre.societegenerale.ro\/en\/\",\"name\":\"Societe Generale Global Solution Centre\",\"description\":\"Global Solution Center\",\"publisher\":{\"@id\":\"https:\/\/globalsolutioncentre.societegenerale.ro\/en\/#organization\"},\"potentialAction\":[{\"@type\":\"SearchAction\",\"target\":{\"@type\":\"EntryPoint\",\"urlTemplate\":\"https:\/\/globalsolutioncentre.societegenerale.ro\/en\/?s={search_term_string}\"},\"query-input\":{\"@type\":\"PropertyValueSpecification\",\"valueRequired\":true,\"valueName\":\"search_term_string\"}}],\"inLanguage\":\"en-US\"},{\"@type\":\"Organization\",\"@id\":\"https:\/\/globalsolutioncentre.societegenerale.ro\/en\/#organization\",\"name\":\"Societe Generale Global Solution Centre\",\"url\":\"https:\/\/globalsolutioncentre.societegenerale.ro\/en\/\",\"logo\":{\"@type\":\"ImageObject\",\"inLanguage\":\"en-US\",\"@id\":\"https:\/\/globalsolutioncentre.societegenerale.ro\/en\/#\/schema\/logo\/image\/\",\"url\":\"https:\/\/globalsolutioncentre.societegenerale.ro\/wp-content\/uploads\/2026\/03\/cropped-LOGO-SG-GSC-1.png\",\"contentUrl\":\"https:\/\/globalsolutioncentre.societegenerale.ro\/wp-content\/uploads\/2026\/03\/cropped-LOGO-SG-GSC-1.png\",\"width\":559,\"height\":193,\"caption\":\"Societe Generale Global Solution Centre\"},\"image\":{\"@id\":\"https:\/\/globalsolutioncentre.societegenerale.ro\/en\/#\/schema\/logo\/image\/\"}}]}<\/script>\n<!-- \/ Yoast SEO plugin. -->","yoast_head_json":{"title":"Cookies - Societe Generale Global Solution Centre","robots":{"index":"index","follow":"follow","max-snippet":"max-snippet:-1","max-image-preview":"max-image-preview:large","max-video-preview":"max-video-preview:-1"},"canonical":"https:\/\/globalsolutioncentre.societegenerale.ro\/en\/cookies\/","og_locale":"en_US","og_type":"article","og_title":"Hello! We are Societe Generale Global Solution Centre","og_description":"Societe Generale is one of the largest European financial banking groups. Based on a diversified universal banking model, the group combines financial soundness with a sustainable growth strategy.","og_url":"https:\/\/globalsolutioncentre.societegenerale.ro\/en\/cookies\/","og_site_name":"Societe Generale Global Solution Centre","article_modified_time":"2025-11-24T14:20:58+00:00","og_image":[{"width":1200,"height":628,"url":"https:\/\/globalsolutioncentre.societegenerale.ro\/wp-content\/uploads\/2019\/09\/facebook-share-photo.jpg","type":"image\/jpeg"}],"twitter_card":"summary_large_image","twitter_misc":{"Est. reading time":"12 minutes"},"schema":{"@context":"https:\/\/schema.org","@graph":[{"@type":"WebPage","@id":"https:\/\/globalsolutioncentre.societegenerale.ro\/en\/cookies\/","url":"https:\/\/globalsolutioncentre.societegenerale.ro\/en\/cookies\/","name":"Cookies - Societe Generale Global Solution Centre","isPartOf":{"@id":"https:\/\/globalsolutioncentre.societegenerale.ro\/en\/#website"},"datePublished":"2019-02-13T09:58:44+00:00","dateModified":"2025-11-24T14:20:58+00:00","breadcrumb":{"@id":"https:\/\/globalsolutioncentre.societegenerale.ro\/en\/cookies\/#breadcrumb"},"inLanguage":"en-US","potentialAction":[{"@type":"ReadAction","target":["https:\/\/globalsolutioncentre.societegenerale.ro\/en\/cookies\/"]}]},{"@type":"BreadcrumbList","@id":"https:\/\/globalsolutioncentre.societegenerale.ro\/en\/cookies\/#breadcrumb","itemListElement":[{"@type":"ListItem","position":1,"name":"Home","item":"https:\/\/globalsolutioncentre.societegenerale.ro\/en\/"},{"@type":"ListItem","position":2,"name":"Cookies"}]},{"@type":"WebSite","@id":"https:\/\/globalsolutioncentre.societegenerale.ro\/en\/#website","url":"https:\/\/globalsolutioncentre.societegenerale.ro\/en\/","name":"Societe Generale Global Solution Centre","description":"Global Solution Center","publisher":{"@id":"https:\/\/globalsolutioncentre.societegenerale.ro\/en\/#organization"},"potentialAction":[{"@type":"SearchAction","target":{"@type":"EntryPoint","urlTemplate":"https:\/\/globalsolutioncentre.societegenerale.ro\/en\/?s={search_term_string}"},"query-input":{"@type":"PropertyValueSpecification","valueRequired":true,"valueName":"search_term_string"}}],"inLanguage":"en-US"},{"@type":"Organization","@id":"https:\/\/globalsolutioncentre.societegenerale.ro\/en\/#organization","name":"Societe Generale Global Solution Centre","url":"https:\/\/globalsolutioncentre.societegenerale.ro\/en\/","logo":{"@type":"ImageObject","inLanguage":"en-US","@id":"https:\/\/globalsolutioncentre.societegenerale.ro\/en\/#\/schema\/logo\/image\/","url":"https:\/\/globalsolutioncentre.societegenerale.ro\/wp-content\/uploads\/2026\/03\/cropped-LOGO-SG-GSC-1.png","contentUrl":"https:\/\/globalsolutioncentre.societegenerale.ro\/wp-content\/uploads\/2026\/03\/cropped-LOGO-SG-GSC-1.png","width":559,"height":193,"caption":"Societe Generale Global Solution Centre"},"image":{"@id":"https:\/\/globalsolutioncentre.societegenerale.ro\/en\/#\/schema\/logo\/image\/"}}]}},"_links":{"self":[{"href":"https:\/\/globalsolutioncentre.societegenerale.ro\/en\/wp-json\/wp\/v2\/pages\/856","targetHints":{"allow":["GET"]}}],"collection":[{"href":"https:\/\/globalsolutioncentre.societegenerale.ro\/en\/wp-json\/wp\/v2\/pages"}],"about":[{"href":"https:\/\/globalsolutioncentre.societegenerale.ro\/en\/wp-json\/wp\/v2\/types\/page"}],"author":[{"embeddable":true,"href":"https:\/\/globalsolutioncentre.societegenerale.ro\/en\/wp-json\/wp\/v2\/users\/1"}],"replies":[{"embeddable":true,"href":"https:\/\/globalsolutioncentre.societegenerale.ro\/en\/wp-json\/wp\/v2\/comments?post=856"}],"version-history":[{"count":21,"href":"https:\/\/globalsolutioncentre.societegenerale.ro\/en\/wp-json\/wp\/v2\/pages\/856\/revisions"}],"predecessor-version":[{"id":3242,"href":"https:\/\/globalsolutioncentre.societegenerale.ro\/en\/wp-json\/wp\/v2\/pages\/856\/revisions\/3242"}],"wp:attachment":[{"href":"https:\/\/globalsolutioncentre.societegenerale.ro\/en\/wp-json\/wp\/v2\/media?parent=856"}],"curies":[{"name":"wp","href":"https:\/\/api.w.org\/{rel}","templated":true}]}}